{"id":56542,"date":"2019-06-13T15:21:35","date_gmt":"2019-06-13T15:21:35","guid":{"rendered":"https:\/\/av3aerovisual.com\/aviso-de-privacidad\/"},"modified":"2020-10-20T21:35:23","modified_gmt":"2020-10-20T21:35:23","slug":"notice-of-privacy","status":"publish","type":"page","link":"https:\/\/av3aerovisual.com\/en\/notice-of-privacy\/","title":{"rendered":"Notice of Privacy"},"content":{"rendered":"\n<p class=\"has-text-align-center\"><strong>LEGAL NOTICE AND USE POLICIES<\/strong><\/p>\n\n\n\n<p><p><span style=\"font-weight: 400;\">The use of this website or any of its services, grants the visitor the characteristic of USER, so the use is under your exclusive and strict responsibility, for which this organization will not be at any time and under any circumstance, responsible for any damage or problem that will be presented in the computer equipment (hardware) or computer programs (software) used by the User to access or navigate in any part of the site.<\/span><\/p>\n<p><span style=\"font-weight: 400;\">In the case that any user considers that any of the contents of the site violate his or her intellectual property rights, the user should contact us by e-mail at <\/span> <a href=\"mailto:contacto@av3aerovisual.com\">contacto@av3aerovisual.com<\/a>, <span style=\"font-weight: 400;\">and their email should contain the following:<\/span><\/p><\/p>\n\n\n\n<ul class=\"wp-block-list\"><li><span style=\"font-weight: 400;\">Personal information.<\/span><\/li><li><span style=\"font-weight: 400;\">Specification of the contents protected by intellectual property rights allegedly infringed, as well as their location on the site.<\/span><\/li><li><span style=\"font-weight: 400;\">Express and clear statement that the introduction of the indicated contents has been made without the consent of the owner under the responsibility of the claimant that the information provided in the notification is accurate and that the introduction of the contents constitutes a violation of his or her intellectual property rights.<\/span><\/li><\/ul>\n\n\n\n<p><a href=\"https:\/\/av3aerovisual.com\/\">AV3AEROVISUAL.COM<\/a> <span style=\"font-weight: 400;\">is committed to maintain discretion with all confidential information, private or semi-private that is sent to the contact section, or exchange of emails between visitors \/ users. It is understood as confidential information, everything related to the to the personal data of users, any form of contact and information about your specific case. This site respects the confidentiality of data relating to users and visitors, including their personal identity. The owner of this website agrees to comply with the legal requirements of privacy of electronic information that apply in Mexico.<\/span><\/p>\n\n\n\n<p><span style=\"font-weight: 400;\">Regarding the contents used in the site, the graphic resources are of own production or acquired. Those that are used as reference will be properly documented for the use of this page. The page is exclusively informative and works as a form of direct contact with the company and its representatives.<\/span><\/p>\n\n\n\n<p class=\"has-text-align-center\"><strong>PRIVACY POLICY<\/strong><\/p>\n\n\n\n<p><span style=\"font-weight: 400;\">In compliance with the Federal Law of Protection of Personal Data in Possession of Individuals (the &#8220;Law&#8221;),<\/span> <a href=\"https:\/\/av3aerovisual.com\/\">AV3AEROVISUAL.COM<\/a> <span style=\"font-weight: 400;\">with address at Av. Industrializaci\u00f3n #12 Int. C-105, Alamos 2da. Secci\u00f3n C.P. 76160., Quer\u00e9taro Qro. MX is responsible for collecting your personal data, for the use and protection of it, as well as the terms and conditions of the Personal Data Privacy Notice.<\/span><\/p>\n\n\n\n<p><p><span style=\"font-weight: 400;\">The personal data we collect will be used only for the following purposes: to provide the services and products you have requested; to notify you about new services or products that are related to those already contracted or acquired; to communicate about changes in them; to carry out studies and programs that are necessary to determine consumption habits; to carry out periodic evaluations of our products and services in order to improve their quality; to evaluate the quality of the service we provide, and in general, to comply with the obligations we have contracted with you.<\/span><\/p>\n<p><span style=\"font-weight: 400;\">For the above mentioned purposes, the personal data, requested, obtained, collected and safeguarded are the following:<\/span><\/p><\/p>\n\n\n\n<ul class=\"wp-block-list\"><li><span style=\"font-weight: 400;\">Full name<\/span><\/li><li><span style=\"font-weight: 400;\">Fixed telephone and\/or cell phone<\/span><\/li><li><span style=\"font-weight: 400;\">Email address<\/span><\/li><\/ul>\n\n\n\n<p><span style=\"font-weight: 400;\">Same as provided to contact you initially, plus they may be collected when you provide them to us directly, when you visit our website or use our online services.<\/span><\/p>\n\n\n\n<p><span style=\"font-weight: 400;\">Regarding the contents used in the site, the graphic resources are of own production or acquired. Those that are used as reference will be properly documented for the use of this page. The page is exclusively informative and works as a form of direct contact with the company and its representatives.<\/span><\/p>\n\n\n\n<p><a href=\"https:\/\/av3aerovisual.com\/\">AV3AEROVISUAL.COM<\/a> <span style=\"font-weight: 400;\">has implemented administrative, technical and physical security measures to protect your personal data, which also require compliance by members of our teams. You have the right to access, rectify and cancel your personal data, as well as to oppose at any time, the processing of them or revoke the consent you have given us for this purpose, through the procedures we have implemented.<\/span><\/p>\n\n\n\n<p><span style=\"font-weight: 400;\">In order to know such procedures, requirements and deadlines, you can contact our personal data department through our e-mail<\/span> <a href=\"mailto:contacto@av3aerovisual.com\">contacto@av3aerovisual.com<\/a> <span style=\"font-weight: 400;\">addressed to AV3 Management, telephone (442) 241 2095 or cell phone (442) 129 7892, or by sending a request via email that must contain the following information:<\/span><\/p>\n\n\n\n<ul class=\"wp-block-list\"><li>(a) <span style=\"font-weight: 400;\">name and address or other means to communicate the answer to your request;<\/span><\/li><li>(b) <span style=\"font-weight: 400;\">documents proving your identity or, when applicable, legal representation;<\/span><\/li><li>(c) <span style=\"font-weight: 400;\">a clear and precise description of the personal data regarding those who are requested to exercise any of the rights;<\/span><\/li><li>(d) <span style=\"font-weight: 400;\">the express statement to revoke your consent to the processing of your personal data and, therefore, not to use them;<\/span><\/li><li>(e) <span style=\"font-weight: 400;\">any other element that enables the location of the personal data.<\/span><\/li><\/ul>\n\n\n\n<p><span style=\"font-weight: 400;\">We will have a maximum response time of 5 working days upon receiving the complete information requested above.<\/span><\/p>\n\n\n\n<p><p><span style=\"font-weight: 400;\">We also inform you that<\/span> <a href=\"https:\/\/av3aerovisual.com\/\">AV3AEROVISUAL.COM<\/a><\/p>\n<p><span style=\"font-weight: 400;\">will not transfer your personal data to third parties. We reserve the right to make changes or updates to this privacy notice at any time, for the attention of new legislation or case law, internal policies, new requirements for the provision or offering of our services or products and market practices. These modifications will be available to the public through the following means:<\/span><\/p><\/p>\n\n\n\n<ul class=\"wp-block-list\"><li>(i)<span style=\"font-weight: 400;\">Brochures or leaflets available;<\/span><\/li><li>(ii)<span style=\"font-weight: 400;\">&nbsp;in our website <\/span> [<a href=\"https:\/\/av3aerovisual.com\/\">AV3AEROVISUAL.COM<\/a> <span style=\"font-weight: 400;\">section PRIVACY POLICY<\/span>];<\/li><li>(iii) <span style=\"font-weight: 400;\">or we will send them to the last email you have provided us with.<\/span><\/li><\/ul>\n\n\n\n<p class=\"has-text-align-center\"><b>THIS NOTICE IS CREATED IN ACCORDANCE WITH IFAI GUIDELINES, AND THEIR GUIDE TO GENERATE THEM.<\/b><\/p>\n\n\n\n<p class=\"has-text-align-center\"><a href=\"http:\/\/www.ifai.org.mx\/\">www.ifai.org.mx<\/a><\/p>\n\n\n\n<p class=\"has-text-align-center\"><span style=\"font-weight: 400;\">This privacy notice was last updated:<\/span><br>[13\/06\/ 2019]<\/p>\n","protected":false},"excerpt":{"rendered":"<p>AV3 AEROVISUAL services and consulting in the implementation of geomatic technologies, drones and data science for construction, mining, energy, hydrocarbons and agri-food. Our RPAS pilots are trained and officially licensed.<\/p>\n","protected":false},"author":2,"featured_media":56499,"parent":0,"menu_order":0,"comment_status":"closed","ping_status":"closed","template":"page-single.php","meta":{"footnotes":""},"class_list":["post-56542","page","type-page","status-publish","has-post-thumbnail","hentry"],"_links":{"self":[{"href":"https:\/\/av3aerovisual.com\/en\/wp-json\/wp\/v2\/pages\/56542","targetHints":{"allow":["GET"]}}],"collection":[{"href":"https:\/\/av3aerovisual.com\/en\/wp-json\/wp\/v2\/pages"}],"about":[{"href":"https:\/\/av3aerovisual.com\/en\/wp-json\/wp\/v2\/types\/page"}],"author":[{"embeddable":true,"href":"https:\/\/av3aerovisual.com\/en\/wp-json\/wp\/v2\/users\/2"}],"replies":[{"embeddable":true,"href":"https:\/\/av3aerovisual.com\/en\/wp-json\/wp\/v2\/comments?post=56542"}],"version-history":[{"count":5,"href":"https:\/\/av3aerovisual.com\/en\/wp-json\/wp\/v2\/pages\/56542\/revisions"}],"predecessor-version":[{"id":58449,"href":"https:\/\/av3aerovisual.com\/en\/wp-json\/wp\/v2\/pages\/56542\/revisions\/58449"}],"wp:featuredmedia":[{"embeddable":true,"href":"https:\/\/av3aerovisual.com\/en\/wp-json\/wp\/v2\/media\/56499"}],"wp:attachment":[{"href":"https:\/\/av3aerovisual.com\/en\/wp-json\/wp\/v2\/media?parent=56542"}],"curies":[{"name":"wp","href":"https:\/\/api.w.org\/{rel}","templated":true}]}}